{"id":82766,"date":"2021-12-29T17:28:42","date_gmt":"2021-12-29T17:28:42","guid":{"rendered":"https:\/\/luppa.pt\/contactos\/"},"modified":"2023-11-29T19:12:03","modified_gmt":"2023-11-29T19:12:03","slug":"contactos","status":"publish","type":"page","link":"https:\/\/luppa.pt\/pt-pt\/contactos\/","title":{"rendered":"Contactos"},"content":{"rendered":"<p>[vc_row unlock_row_content=&#8221;yes&#8221; row_height_percent=&#8221;88&#8243; override_padding=&#8221;yes&#8221; h_padding=&#8221;0&#8243; top_padding=&#8221;0&#8243; bottom_padding=&#8221;0&#8243; back_color=&#8221;color-xsdn&#8221; overlay_alpha=&#8221;50&#8243; equal_height=&#8221;yes&#8221; gutter_size=&#8221;3&#8243; column_width_percent=&#8221;100&#8243; shift_y=&#8221;0&#8243; z_index=&#8221;0&#8243;][vc_column column_width_percent=&#8221;100&#8243; gutter_size=&#8221;3&#8243; expand_height=&#8221;yes&#8221; style=&#8221;dark&#8221; overlay_alpha=&#8221;50&#8243; shift_x=&#8221;0&#8243; shift_y=&#8221;0&#8243; z_index=&#8221;0&#8243; medium_width=&#8221;0&#8243; width=&#8221;1\/1&#8243;][vc_row_inner row_inner_height_percent=&#8221;0&#8243; overlay_alpha=&#8221;50&#8243; equal_height=&#8221;yes&#8221; gutter_size=&#8221;0&#8243; shift_y=&#8221;0&#8243; limit_content=&#8221;&#8221;][vc_column_inner column_width_use_pixel=&#8221;yes&#8221; gutter_size=&#8221;3&#8243; expand_height=&#8221;yes&#8221; back_image=&#8221;80912&#8243; back_repeat=&#8221;no-repeat&#8221; back_position=&#8221;center top&#8221; overlay_alpha=&#8221;0&#8243; shift_x=&#8221;0&#8243; shift_y=&#8221;0&#8243; shift_y_down=&#8221;0&#8243; z_index=&#8221;0&#8243; medium_width=&#8221;0&#8243; align_mobile=&#8221;align_center_mobile&#8221; mobile_width=&#8221;0&#8243; width=&#8221;1\/2&#8243; mobile_height=&#8221;300&#8243;][\/vc_column_inner][vc_column_inner column_width_percent=&#8221;65&#8243; position_vertical=&#8221;middle&#8221; gutter_size=&#8221;3&#8243; override_padding=&#8221;yes&#8221; column_padding=&#8221;3&#8243; style=&#8221;light&#8221; font_family=&#8221;font-525970&#8243; overlay_alpha=&#8221;50&#8243; shift_x=&#8221;0&#8243; shift_y=&#8221;0&#8243; shift_y_down=&#8221;0&#8243; z_index=&#8221;0&#8243; medium_width=&#8221;0&#8243; align_mobile=&#8221;align_center_mobile&#8221; mobile_width=&#8221;0&#8243; width=&#8221;1\/2&#8243;][vc_custom_heading text_font=&#8221;font-525970&#8243; text_size=&#8221;h4&#8243; text_weight=&#8221;100&#8243; text_height=&#8221;fontheight-357766&#8243; uncode_shortcode_id=&#8221;199861&#8243;]Contactos[\/vc_custom_heading][vc_custom_heading text_color=&#8221;color-wvjs&#8221; text_font=&#8221;font-525970&#8243; text_size=&#8221;h5&#8243; text_weight=&#8221;100&#8243; text_height=&#8221;fontheight-357766&#8243; uncode_shortcode_id=&#8221;142690&#8243; text_color_type=&#8221;uncode-palette&#8221;]Rua Fonseca Cardoso n.\u00ba 39 &#8211; 4\u00ba Direito Traseiras<br \/>\n4000 &#8211; 233 &#8211; Porto &#8211; Portugal<\/p>\n<p><a style=\"color: #777877;\" href=\"tel:+351224014656\">+351 224 014 656<\/a><\/p>\n<p><a style=\"color: #777877;\" href=\"mailto:info@luppa.pt\"> info@luppa.pt<\/a><\/p>\n<p>Redes sociais[uncode_socials css_animation=&#8221;alpha-anim&#8221; animation_speed=&#8221;1000&#8243; animation_delay=&#8221;600&#8243;][\/vc_custom_heading][\/vc_column_inner][\/vc_row_inner][\/vc_column][\/vc_row][vc_row row_height_percent=&#8221;0&#8243; override_padding=&#8221;yes&#8221; h_padding=&#8221;2&#8243; top_padding=&#8221;5&#8243; bottom_padding=&#8221;5&#8243; overlay_alpha=&#8221;100&#8243; gutter_size=&#8221;100&#8243; column_width_percent=&#8221;100&#8243; shift_y=&#8221;0&#8243; z_index=&#8221;0&#8243; desktop_visibility=&#8221;yes&#8221; medium_visibility=&#8221;yes&#8221; mobile_visibility=&#8221;yes&#8221; style=&#8221;inherited&#8221;][vc_column column_width_use_pixel=&#8221;yes&#8221; align_horizontal=&#8221;align_center&#8221; gutter_size=&#8221;4&#8243; overlay_alpha=&#8221;100&#8243; shift_x=&#8221;0&#8243; shift_y=&#8221;0&#8243; z_index=&#8221;0&#8243; medium_width=&#8221;100&#8243; zoom_width=&#8221;0&#8243; zoom_height=&#8221;0&#8243; width=&#8221;1\/1&#8243; column_width_pixel=&#8221;1000&#8243;][vc_column_text]<span class=\"street-address\">Diga-nos o que precisa para o seu pr\u00f3ximo projecto!<\/span><\/p>\n<p><span class=\"street-address\">Rua Fonseca Cardoso n.\u00ba 39 &#8211; 4\u00ba Direito Traseiras<br \/>\n<\/span>4000 &#8211; 233 &#8211; Porto &#8211; Portugal[\/vc_column_text][vc_row_inner row_inner_height_percent=&#8221;0&#8243; overlay_alpha=&#8221;100&#8243; gutter_size=&#8221;3&#8243; shift_y=&#8221;0&#8243; limit_content=&#8221;&#8221;][vc_column_inner column_width_use_pixel=&#8221;yes&#8221; align_horizontal=&#8221;align_center&#8221; gutter_size=&#8221;3&#8243; font_family=&#8221;font-525970&#8243; overlay_alpha=&#8221;100&#8243; shift_x=&#8221;0&#8243; shift_y=&#8221;0&#8243; shift_y_down=&#8221;0&#8243; z_index=&#8221;0&#8243; medium_width=&#8221;0&#8243; mobile_width=&#8221;0&#8243; zoom_width=&#8221;0&#8243; zoom_height=&#8221;0&#8243; width=&#8221;1\/1&#8243; column_width_pixel=&#8221;700&#8243;][vc_custom_heading heading_semantic=&#8221;h1&#8243; text_font=&#8221;font-525970&#8243; text_size=&#8221;h1&#8243; text_weight=&#8221;400&#8243; text_space=&#8221;fontspace-781688&#8243; sub_lead=&#8221;yes&#8221; sub_reduced=&#8221;yes&#8221; text_align=&#8221;text-center&#8221; subheading=&#8221;Diga-nos o que precisa para iniciar o seu projecto Entraremos em contacto consigo o mais brevemente poss\u00edvel. Obrigado!&#8221;]Pe\u00e7a o seu or\u00e7amento![\/vc_custom_heading][\/vc_column_inner][\/vc_row_inner][contact-form-7 404 \"Not Found\"][vc_empty_space empty_h=&#8221;3&#8243;][\/vc_column][\/vc_row]<\/p>\n","protected":false},"excerpt":{"rendered":"<p>[vc_row unlock_row_content=&#8221;yes&#8221; row_height_percent=&#8221;88&#8243; override_padding=&#8221;yes&#8221; h_padding=&#8221;0&#8243; top_padding=&#8221;0&#8243; bottom_padding=&#8221;0&#8243; back_color=&#8221;color-xsdn&#8221; overlay_alpha=&#8221;50&#8243; equal_height=&#8221;yes&#8221; gutter_size=&#8221;3&#8243; column_width_percent=&#8221;100&#8243; shift_y=&#8221;0&#8243; z_index=&#8221;0&#8243;][vc_column column_width_percent=&#8221;100&#8243; gutter_size=&#8221;3&#8243; expand_height=&#8221;yes&#8221; style=&#8221;dark&#8221; overlay_alpha=&#8221;50&#8243; shift_x=&#8221;0&#8243; [&hellip;]<\/p>\n","protected":false},"author":1,"featured_media":82315,"parent":0,"menu_order":0,"comment_status":"open","ping_status":"closed","template":"","meta":{"om_disable_all_campaigns":false},"aioseo_notices":[],"yoast_head":"<!-- This site is optimized with the Yoast SEO plugin v18.0 - https:\/\/yoast.com\/wordpress\/plugins\/seo\/ -->\n<title>Contactos | Diga-nos o que precisa para iniciar o seu projecto<\/title>\n<meta name=\"description\" content=\"Temos um pensamento cr\u00edtico sobre a cidade que nos rodeia, procuramos introduzir a utiliza\u00e7\u00e3o de ferramentas digitais. Contactos - Luppa Arquitectos\" \/>\n<meta name=\"robots\" content=\"index, follow, max-snippet:-1, max-image-preview:large, max-video-preview:-1\" \/>\n<link rel=\"canonical\" href=\"https:\/\/luppa.pt\/pt-pt\/contactos\/\" \/>\n<meta property=\"og:locale\" content=\"pt_PT\" \/>\n<meta property=\"og:type\" content=\"article\" \/>\n<meta property=\"og:title\" content=\"Contactos | Diga-nos o que precisa para iniciar o seu projecto\" \/>\n<meta property=\"og:description\" content=\"Temos um pensamento cr\u00edtico sobre a cidade que nos rodeia, procuramos introduzir a utiliza\u00e7\u00e3o de ferramentas digitais. Contactos - Luppa Arquitectos\" \/>\n<meta property=\"og:url\" content=\"https:\/\/luppa.pt\/pt-pt\/contactos\/\" \/>\n<meta property=\"og:site_name\" content=\"Luppa Architects\" \/>\n<meta property=\"article:publisher\" content=\"https:\/\/www.facebook.com\/luppa.pt\/\" \/>\n<meta property=\"article:modified_time\" content=\"2023-11-29T19:12:03+00:00\" \/>\n<meta property=\"og:image\" content=\"https:\/\/luppa.pt\/wp-content\/uploads\/2019\/09\/Luppa_Architects_Architecture_3D_Perspective_0400.jpg\" \/>\n\t<meta property=\"og:image:width\" content=\"1600\" \/>\n\t<meta property=\"og:image:height\" content=\"1691\" \/>\n\t<meta property=\"og:image:type\" content=\"image\/jpeg\" \/>\n<meta name=\"twitter:card\" content=\"summary_large_image\" \/>\n<meta name=\"twitter:label1\" content=\"Tempo estimado de leitura\" \/>\n\t<meta name=\"twitter:data1\" content=\"2 minutos\" \/>\n<script type=\"application\/ld+json\" class=\"yoast-schema-graph\">{\"@context\":\"https:\/\/schema.org\",\"@graph\":[{\"@type\":\"Organization\",\"@id\":\"https:\/\/luppa.pt\/#organization\",\"name\":\"Luppa Architects\",\"url\":\"https:\/\/luppa.pt\/\",\"sameAs\":[\"https:\/\/www.facebook.com\/luppa.pt\/\",\"https:\/\/www.instagram.com\/luppa_architects\/\"],\"logo\":{\"@type\":\"ImageObject\",\"@id\":\"https:\/\/luppa.pt\/#logo\",\"inLanguage\":\"pt-PT\",\"url\":\"https:\/\/luppa.pt\/wp-content\/uploads\/2019\/07\/Luppa_Favicon_.jpg\",\"contentUrl\":\"https:\/\/luppa.pt\/wp-content\/uploads\/2019\/07\/Luppa_Favicon_.jpg\",\"width\":512,\"height\":512,\"caption\":\"Luppa Architects\"},\"image\":{\"@id\":\"https:\/\/luppa.pt\/#logo\"}},{\"@type\":\"WebSite\",\"@id\":\"https:\/\/luppa.pt\/#website\",\"url\":\"https:\/\/luppa.pt\/\",\"name\":\"Luppa Architects\",\"description\":\"Luppa is an office of Architecture and 3D images production, located in Oporto, Portugal.\",\"publisher\":{\"@id\":\"https:\/\/luppa.pt\/#organization\"},\"potentialAction\":[{\"@type\":\"SearchAction\",\"target\":{\"@type\":\"EntryPoint\",\"urlTemplate\":\"https:\/\/luppa.pt\/?s={search_term_string}\"},\"query-input\":\"required name=search_term_string\"}],\"inLanguage\":\"pt-PT\"},{\"@type\":\"ImageObject\",\"@id\":\"https:\/\/luppa.pt\/pt-pt\/contactos\/#primaryimage\",\"inLanguage\":\"pt-PT\",\"url\":\"https:\/\/luppa.pt\/wp-content\/uploads\/2019\/09\/Luppa_Architects_Architecture_3D_Perspective_0400.jpg\",\"contentUrl\":\"https:\/\/luppa.pt\/wp-content\/uploads\/2019\/09\/Luppa_Architects_Architecture_3D_Perspective_0400.jpg\",\"width\":1600,\"height\":1691},{\"@type\":\"WebPage\",\"@id\":\"https:\/\/luppa.pt\/pt-pt\/contactos\/#webpage\",\"url\":\"https:\/\/luppa.pt\/pt-pt\/contactos\/\",\"name\":\"Contactos | Diga-nos o que precisa para iniciar o seu projecto\",\"isPartOf\":{\"@id\":\"https:\/\/luppa.pt\/#website\"},\"primaryImageOfPage\":{\"@id\":\"https:\/\/luppa.pt\/pt-pt\/contactos\/#primaryimage\"},\"datePublished\":\"2021-12-29T17:28:42+00:00\",\"dateModified\":\"2023-11-29T19:12:03+00:00\",\"description\":\"Temos um pensamento cr\u00edtico sobre a cidade que nos rodeia, procuramos introduzir a utiliza\u00e7\u00e3o de ferramentas digitais. Contactos - Luppa Arquitectos\",\"breadcrumb\":{\"@id\":\"https:\/\/luppa.pt\/pt-pt\/contactos\/#breadcrumb\"},\"inLanguage\":\"pt-PT\",\"potentialAction\":[{\"@type\":\"ReadAction\",\"target\":[\"https:\/\/luppa.pt\/pt-pt\/contactos\/\"]}]},{\"@type\":\"BreadcrumbList\",\"@id\":\"https:\/\/luppa.pt\/pt-pt\/contactos\/#breadcrumb\",\"itemListElement\":[{\"@type\":\"ListItem\",\"position\":1,\"name\":\"Home\",\"item\":\"https:\/\/luppa.pt\/pt-pt\/\"},{\"@type\":\"ListItem\",\"position\":2,\"name\":\"Contactos\"}]}]}<\/script>\n<!-- \/ Yoast SEO plugin. -->","yoast_head_json":{"title":"Contactos | Diga-nos o que precisa para iniciar o seu projecto","description":"Temos um pensamento cr\u00edtico sobre a cidade que nos rodeia, procuramos introduzir a utiliza\u00e7\u00e3o de ferramentas digitais. Contactos - Luppa Arquitectos","robots":{"index":"index","follow":"follow","max-snippet":"max-snippet:-1","max-image-preview":"max-image-preview:large","max-video-preview":"max-video-preview:-1"},"canonical":"https:\/\/luppa.pt\/pt-pt\/contactos\/","og_locale":"pt_PT","og_type":"article","og_title":"Contactos | Diga-nos o que precisa para iniciar o seu projecto","og_description":"Temos um pensamento cr\u00edtico sobre a cidade que nos rodeia, procuramos introduzir a utiliza\u00e7\u00e3o de ferramentas digitais. Contactos - Luppa Arquitectos","og_url":"https:\/\/luppa.pt\/pt-pt\/contactos\/","og_site_name":"Luppa Architects","article_publisher":"https:\/\/www.facebook.com\/luppa.pt\/","article_modified_time":"2023-11-29T19:12:03+00:00","og_image":[{"width":1600,"height":1691,"url":"https:\/\/luppa.pt\/wp-content\/uploads\/2019\/09\/Luppa_Architects_Architecture_3D_Perspective_0400.jpg","type":"image\/jpeg"}],"twitter_card":"summary_large_image","twitter_misc":{"Tempo estimado de leitura":"2 minutos"},"schema":{"@context":"https:\/\/schema.org","@graph":[{"@type":"Organization","@id":"https:\/\/luppa.pt\/#organization","name":"Luppa Architects","url":"https:\/\/luppa.pt\/","sameAs":["https:\/\/www.facebook.com\/luppa.pt\/","https:\/\/www.instagram.com\/luppa_architects\/"],"logo":{"@type":"ImageObject","@id":"https:\/\/luppa.pt\/#logo","inLanguage":"pt-PT","url":"https:\/\/luppa.pt\/wp-content\/uploads\/2019\/07\/Luppa_Favicon_.jpg","contentUrl":"https:\/\/luppa.pt\/wp-content\/uploads\/2019\/07\/Luppa_Favicon_.jpg","width":512,"height":512,"caption":"Luppa Architects"},"image":{"@id":"https:\/\/luppa.pt\/#logo"}},{"@type":"WebSite","@id":"https:\/\/luppa.pt\/#website","url":"https:\/\/luppa.pt\/","name":"Luppa Architects","description":"Luppa is an office of Architecture and 3D images production, located in Oporto, Portugal.","publisher":{"@id":"https:\/\/luppa.pt\/#organization"},"potentialAction":[{"@type":"SearchAction","target":{"@type":"EntryPoint","urlTemplate":"https:\/\/luppa.pt\/?s={search_term_string}"},"query-input":"required name=search_term_string"}],"inLanguage":"pt-PT"},{"@type":"ImageObject","@id":"https:\/\/luppa.pt\/pt-pt\/contactos\/#primaryimage","inLanguage":"pt-PT","url":"https:\/\/luppa.pt\/wp-content\/uploads\/2019\/09\/Luppa_Architects_Architecture_3D_Perspective_0400.jpg","contentUrl":"https:\/\/luppa.pt\/wp-content\/uploads\/2019\/09\/Luppa_Architects_Architecture_3D_Perspective_0400.jpg","width":1600,"height":1691},{"@type":"WebPage","@id":"https:\/\/luppa.pt\/pt-pt\/contactos\/#webpage","url":"https:\/\/luppa.pt\/pt-pt\/contactos\/","name":"Contactos | Diga-nos o que precisa para iniciar o seu projecto","isPartOf":{"@id":"https:\/\/luppa.pt\/#website"},"primaryImageOfPage":{"@id":"https:\/\/luppa.pt\/pt-pt\/contactos\/#primaryimage"},"datePublished":"2021-12-29T17:28:42+00:00","dateModified":"2023-11-29T19:12:03+00:00","description":"Temos um pensamento cr\u00edtico sobre a cidade que nos rodeia, procuramos introduzir a utiliza\u00e7\u00e3o de ferramentas digitais. Contactos - Luppa Arquitectos","breadcrumb":{"@id":"https:\/\/luppa.pt\/pt-pt\/contactos\/#breadcrumb"},"inLanguage":"pt-PT","potentialAction":[{"@type":"ReadAction","target":["https:\/\/luppa.pt\/pt-pt\/contactos\/"]}]},{"@type":"BreadcrumbList","@id":"https:\/\/luppa.pt\/pt-pt\/contactos\/#breadcrumb","itemListElement":[{"@type":"ListItem","position":1,"name":"Home","item":"https:\/\/luppa.pt\/pt-pt\/"},{"@type":"ListItem","position":2,"name":"Contactos"}]}]}},"_links":{"self":[{"href":"https:\/\/luppa.pt\/pt-pt\/wp-json\/wp\/v2\/pages\/82766"}],"collection":[{"href":"https:\/\/luppa.pt\/pt-pt\/wp-json\/wp\/v2\/pages"}],"about":[{"href":"https:\/\/luppa.pt\/pt-pt\/wp-json\/wp\/v2\/types\/page"}],"author":[{"embeddable":true,"href":"https:\/\/luppa.pt\/pt-pt\/wp-json\/wp\/v2\/users\/1"}],"replies":[{"embeddable":true,"href":"https:\/\/luppa.pt\/pt-pt\/wp-json\/wp\/v2\/comments?post=82766"}],"version-history":[{"count":11,"href":"https:\/\/luppa.pt\/pt-pt\/wp-json\/wp\/v2\/pages\/82766\/revisions"}],"predecessor-version":[{"id":83692,"href":"https:\/\/luppa.pt\/pt-pt\/wp-json\/wp\/v2\/pages\/82766\/revisions\/83692"}],"wp:featuredmedia":[{"embeddable":true,"href":"https:\/\/luppa.pt\/pt-pt\/wp-json\/wp\/v2\/media\/82315"}],"wp:attachment":[{"href":"https:\/\/luppa.pt\/pt-pt\/wp-json\/wp\/v2\/media?parent=82766"}],"curies":[{"name":"wp","href":"https:\/\/api.w.org\/{rel}","templated":true}]}}