{"id":82753,"date":"2021-12-29T17:22:40","date_gmt":"2021-12-29T17:22:40","guid":{"rendered":"https:\/\/luppa.pt\/bem-vindo\/"},"modified":"2022-01-06T13:15:56","modified_gmt":"2022-01-06T13:15:56","slug":"bem-vindo","status":"publish","type":"page","link":"https:\/\/luppa.pt\/pt-pt\/","title":{"rendered":"In\u00edcio"},"content":{"rendered":"<p>[vc_row unlock_row_content=&#8221;yes&#8221; row_height_percent=&#8221;0&#8243; overlay_alpha=&#8221;100&#8243; gutter_size=&#8221;100&#8243; column_width_percent=&#8221;100&#8243; shift_y=&#8221;0&#8243; z_index=&#8221;0&#8243; style=&#8221;inherited&#8221;][vc_column column_width_percent=&#8221;90&#8243; overlay_alpha=&#8221;50&#8243; gutter_size=&#8221;3&#8243; medium_width=&#8221;0&#8243; mobile_width=&#8221;0&#8243; shift_x=&#8221;0&#8243; shift_y=&#8221;0&#8243; shift_y_down=&#8221;0&#8243; z_index=&#8221;0&#8243; width=&#8221;1\/1&#8243;][uncode_index el_id=&#8221;index-1&#8243; loop=&#8221;size:All|order_by:date|order:DESC|post_type:portfolio|tax_query:75,76&#8243; filtering=&#8221;yes&#8221; filtering_full_width=&#8221;yes&#8221; filtering_position=&#8221;right&#8221; filtering_uppercase=&#8221;yes&#8221; infinite=&#8221;yes&#8221; gutter_size=&#8221;2&#8243; post_items=&#8221;title,media|featured|onpost,category&#8221; page_items=&#8221;title,media,text,category&#8221; product_items=&#8221;title,media,text,category,price&#8221; portfolio_items=&#8221;media|featured|onpost|original,title,category|nobg|relative|display-icon&#8221; screen_lg=&#8221;700&#8243; screen_md=&#8221;600&#8243; screen_sm=&#8221;480&#8243; single_text=&#8221;overlay&#8221; single_overlay_color=&#8221;accent&#8221; single_overlay_coloration=&#8221;bottom_gradient&#8221; single_overlay_opacity=&#8221;55&#8243; single_image_anim=&#8221;no&#8221; single_v_position=&#8221;bottom&#8221; single_padding=&#8221;2&#8243; single_text_reduced=&#8221;yes&#8221; single_title_dimension=&#8221;h6&#8243; single_title_family=&#8221;font-525970&#8243; single_title_weight=&#8221;400&#8243; single_title_space=&#8221;fontspace-781688&#8243; single_border=&#8221;yes&#8221; filtering_menu=&#8221;inline&#8221; single_block_click=&#8221;yes&#8221; single_text_hover=&#8221;yes&#8221; single_no_background=&#8221;yes&#8221; single_title_serif=&#8221;&#8221; single_title_divider=&#8221;&#8221; single_half_padding=&#8221;yes&#8221; single_title_bold=&#8221;yes&#8221; footer_position=&#8221;left&#8221; carousel_rtl=&#8221;&#8221; single_icon=&#8221;fa fa-plus2&#8243; filtering_transform=&#8221;uppercase&#8221; items=&#8221;eyI4MDAxOV9pIjp7InNpbmdsZV9zdHlsZSI6ImxpZ2h0In19&#8243; title=&#8221;Projectos&#8221; filter_all_text=&#8221;TUDO&#8221;][\/vc_column][\/vc_row]<\/p>\n","protected":false},"excerpt":{"rendered":"<p>Luppa Arquitectos<\/p>\n","protected":false},"author":1,"featured_media":81193,"parent":0,"menu_order":0,"comment_status":"open","ping_status":"closed","template":"","meta":{"om_disable_all_campaigns":false},"aioseo_notices":[],"yoast_head":"<!-- This site is optimized with the Yoast SEO plugin v18.0 - https:\/\/yoast.com\/wordpress\/plugins\/seo\/ -->\n<title>Luppa Arquitectos | Arquitectura e Visualiza\u00e7\u00e3o 3D<\/title>\n<meta name=\"description\" content=\"Luppa Arquitectos \u00e9 um gabinete de Arquitectura e Visualiza\u00e7\u00e3o 3D, localizado no Porto, criado por Gon\u00e7alo Campinho, Andr\u00e9 Machado e Francisco Mesquita.\" \/>\n<meta name=\"robots\" content=\"index, follow, max-snippet:-1, max-image-preview:large, max-video-preview:-1\" \/>\n<link rel=\"canonical\" href=\"https:\/\/luppa.pt\/pt-pt\/\" \/>\n<meta property=\"og:locale\" content=\"pt_PT\" \/>\n<meta property=\"og:type\" content=\"article\" \/>\n<meta property=\"og:title\" content=\"Luppa Arquitectos | Arquitectura e Visualiza\u00e7\u00e3o 3D\" \/>\n<meta property=\"og:description\" content=\"Luppa Arquitectos \u00e9 um gabinete de Arquitectura e Visualiza\u00e7\u00e3o 3D, localizado no Porto, criado por Gon\u00e7alo Campinho, Andr\u00e9 Machado e Francisco Mesquita.\" \/>\n<meta property=\"og:url\" content=\"https:\/\/luppa.pt\/pt-pt\/\" \/>\n<meta property=\"og:site_name\" content=\"Luppa Architects\" \/>\n<meta property=\"article:publisher\" content=\"https:\/\/www.facebook.com\/luppa.pt\/\" \/>\n<meta property=\"article:modified_time\" content=\"2022-01-06T13:15:56+00:00\" \/>\n<meta property=\"og:image\" content=\"https:\/\/luppa.pt\/wp-content\/uploads\/2019\/09\/Luppa_Architects_Architecture_3D_Perspective_005.jpg\" \/>\n\t<meta property=\"og:image:width\" content=\"3360\" \/>\n\t<meta property=\"og:image:height\" content=\"1374\" \/>\n\t<meta property=\"og:image:type\" content=\"image\/jpeg\" \/>\n<meta name=\"twitter:card\" content=\"summary_large_image\" \/>\n<meta name=\"twitter:label1\" content=\"Tempo estimado de leitura\" \/>\n\t<meta name=\"twitter:data1\" content=\"1 minuto\" \/>\n<script type=\"application\/ld+json\" class=\"yoast-schema-graph\">{\"@context\":\"https:\/\/schema.org\",\"@graph\":[{\"@type\":\"Organization\",\"@id\":\"https:\/\/luppa.pt\/#organization\",\"name\":\"Luppa Architects\",\"url\":\"https:\/\/luppa.pt\/\",\"sameAs\":[\"https:\/\/www.facebook.com\/luppa.pt\/\",\"https:\/\/www.instagram.com\/luppa_architects\/\"],\"logo\":{\"@type\":\"ImageObject\",\"@id\":\"https:\/\/luppa.pt\/#logo\",\"inLanguage\":\"pt-PT\",\"url\":\"https:\/\/luppa.pt\/wp-content\/uploads\/2019\/07\/Luppa_Favicon_.jpg\",\"contentUrl\":\"https:\/\/luppa.pt\/wp-content\/uploads\/2019\/07\/Luppa_Favicon_.jpg\",\"width\":512,\"height\":512,\"caption\":\"Luppa Architects\"},\"image\":{\"@id\":\"https:\/\/luppa.pt\/#logo\"}},{\"@type\":\"WebSite\",\"@id\":\"https:\/\/luppa.pt\/#website\",\"url\":\"https:\/\/luppa.pt\/\",\"name\":\"Luppa Architects\",\"description\":\"Luppa is an office of Architecture and 3D images production, located in Oporto, Portugal.\",\"publisher\":{\"@id\":\"https:\/\/luppa.pt\/#organization\"},\"potentialAction\":[{\"@type\":\"SearchAction\",\"target\":{\"@type\":\"EntryPoint\",\"urlTemplate\":\"https:\/\/luppa.pt\/?s={search_term_string}\"},\"query-input\":\"required name=search_term_string\"}],\"inLanguage\":\"pt-PT\"},{\"@type\":\"ImageObject\",\"@id\":\"https:\/\/luppa.pt\/pt-pt\/#primaryimage\",\"inLanguage\":\"pt-PT\",\"url\":\"https:\/\/luppa.pt\/wp-content\/uploads\/2019\/09\/Luppa_Architects_Architecture_3D_Perspective_005.jpg\",\"contentUrl\":\"https:\/\/luppa.pt\/wp-content\/uploads\/2019\/09\/Luppa_Architects_Architecture_3D_Perspective_005.jpg\",\"width\":3360,\"height\":1374,\"caption\":\"Luppa Architects\"},{\"@type\":\"WebPage\",\"@id\":\"https:\/\/luppa.pt\/pt-pt\/#webpage\",\"url\":\"https:\/\/luppa.pt\/pt-pt\/\",\"name\":\"Luppa Arquitectos | Arquitectura e Visualiza\u00e7\u00e3o 3D\",\"isPartOf\":{\"@id\":\"https:\/\/luppa.pt\/#website\"},\"primaryImageOfPage\":{\"@id\":\"https:\/\/luppa.pt\/pt-pt\/#primaryimage\"},\"datePublished\":\"2021-12-29T17:22:40+00:00\",\"dateModified\":\"2022-01-06T13:15:56+00:00\",\"description\":\"Luppa Arquitectos \u00e9 um gabinete de Arquitectura e Visualiza\u00e7\u00e3o 3D, localizado no Porto, criado por Gon\u00e7alo Campinho, Andr\u00e9 Machado e Francisco Mesquita.\",\"breadcrumb\":{\"@id\":\"https:\/\/luppa.pt\/pt-pt\/#breadcrumb\"},\"inLanguage\":\"pt-PT\",\"potentialAction\":[{\"@type\":\"ReadAction\",\"target\":[\"https:\/\/luppa.pt\/pt-pt\/\"]}]},{\"@type\":\"BreadcrumbList\",\"@id\":\"https:\/\/luppa.pt\/pt-pt\/#breadcrumb\",\"itemListElement\":[{\"@type\":\"ListItem\",\"position\":1,\"name\":\"Home\",\"item\":\"https:\/\/luppa.pt\/pt-pt\/\"},{\"@type\":\"ListItem\",\"position\":2,\"name\":\"In\u00edcio\"}]}]}<\/script>\n<!-- \/ Yoast SEO plugin. -->","yoast_head_json":{"title":"Luppa Arquitectos | Arquitectura e Visualiza\u00e7\u00e3o 3D","description":"Luppa Arquitectos \u00e9 um gabinete de Arquitectura e Visualiza\u00e7\u00e3o 3D, localizado no Porto, criado por Gon\u00e7alo Campinho, Andr\u00e9 Machado e Francisco Mesquita.","robots":{"index":"index","follow":"follow","max-snippet":"max-snippet:-1","max-image-preview":"max-image-preview:large","max-video-preview":"max-video-preview:-1"},"canonical":"https:\/\/luppa.pt\/pt-pt\/","og_locale":"pt_PT","og_type":"article","og_title":"Luppa Arquitectos | Arquitectura e Visualiza\u00e7\u00e3o 3D","og_description":"Luppa Arquitectos \u00e9 um gabinete de Arquitectura e Visualiza\u00e7\u00e3o 3D, localizado no Porto, criado por Gon\u00e7alo Campinho, Andr\u00e9 Machado e Francisco Mesquita.","og_url":"https:\/\/luppa.pt\/pt-pt\/","og_site_name":"Luppa Architects","article_publisher":"https:\/\/www.facebook.com\/luppa.pt\/","article_modified_time":"2022-01-06T13:15:56+00:00","og_image":[{"width":3360,"height":1374,"url":"https:\/\/luppa.pt\/wp-content\/uploads\/2019\/09\/Luppa_Architects_Architecture_3D_Perspective_005.jpg","type":"image\/jpeg"}],"twitter_card":"summary_large_image","twitter_misc":{"Tempo estimado de leitura":"1 minuto"},"schema":{"@context":"https:\/\/schema.org","@graph":[{"@type":"Organization","@id":"https:\/\/luppa.pt\/#organization","name":"Luppa Architects","url":"https:\/\/luppa.pt\/","sameAs":["https:\/\/www.facebook.com\/luppa.pt\/","https:\/\/www.instagram.com\/luppa_architects\/"],"logo":{"@type":"ImageObject","@id":"https:\/\/luppa.pt\/#logo","inLanguage":"pt-PT","url":"https:\/\/luppa.pt\/wp-content\/uploads\/2019\/07\/Luppa_Favicon_.jpg","contentUrl":"https:\/\/luppa.pt\/wp-content\/uploads\/2019\/07\/Luppa_Favicon_.jpg","width":512,"height":512,"caption":"Luppa Architects"},"image":{"@id":"https:\/\/luppa.pt\/#logo"}},{"@type":"WebSite","@id":"https:\/\/luppa.pt\/#website","url":"https:\/\/luppa.pt\/","name":"Luppa Architects","description":"Luppa is an office of Architecture and 3D images production, located in Oporto, Portugal.","publisher":{"@id":"https:\/\/luppa.pt\/#organization"},"potentialAction":[{"@type":"SearchAction","target":{"@type":"EntryPoint","urlTemplate":"https:\/\/luppa.pt\/?s={search_term_string}"},"query-input":"required name=search_term_string"}],"inLanguage":"pt-PT"},{"@type":"ImageObject","@id":"https:\/\/luppa.pt\/pt-pt\/#primaryimage","inLanguage":"pt-PT","url":"https:\/\/luppa.pt\/wp-content\/uploads\/2019\/09\/Luppa_Architects_Architecture_3D_Perspective_005.jpg","contentUrl":"https:\/\/luppa.pt\/wp-content\/uploads\/2019\/09\/Luppa_Architects_Architecture_3D_Perspective_005.jpg","width":3360,"height":1374,"caption":"Luppa Architects"},{"@type":"WebPage","@id":"https:\/\/luppa.pt\/pt-pt\/#webpage","url":"https:\/\/luppa.pt\/pt-pt\/","name":"Luppa Arquitectos | Arquitectura e Visualiza\u00e7\u00e3o 3D","isPartOf":{"@id":"https:\/\/luppa.pt\/#website"},"primaryImageOfPage":{"@id":"https:\/\/luppa.pt\/pt-pt\/#primaryimage"},"datePublished":"2021-12-29T17:22:40+00:00","dateModified":"2022-01-06T13:15:56+00:00","description":"Luppa Arquitectos \u00e9 um gabinete de Arquitectura e Visualiza\u00e7\u00e3o 3D, localizado no Porto, criado por Gon\u00e7alo Campinho, Andr\u00e9 Machado e Francisco Mesquita.","breadcrumb":{"@id":"https:\/\/luppa.pt\/pt-pt\/#breadcrumb"},"inLanguage":"pt-PT","potentialAction":[{"@type":"ReadAction","target":["https:\/\/luppa.pt\/pt-pt\/"]}]},{"@type":"BreadcrumbList","@id":"https:\/\/luppa.pt\/pt-pt\/#breadcrumb","itemListElement":[{"@type":"ListItem","position":1,"name":"Home","item":"https:\/\/luppa.pt\/pt-pt\/"},{"@type":"ListItem","position":2,"name":"In\u00edcio"}]}]}},"_links":{"self":[{"href":"https:\/\/luppa.pt\/pt-pt\/wp-json\/wp\/v2\/pages\/82753"}],"collection":[{"href":"https:\/\/luppa.pt\/pt-pt\/wp-json\/wp\/v2\/pages"}],"about":[{"href":"https:\/\/luppa.pt\/pt-pt\/wp-json\/wp\/v2\/types\/page"}],"author":[{"embeddable":true,"href":"https:\/\/luppa.pt\/pt-pt\/wp-json\/wp\/v2\/users\/1"}],"replies":[{"embeddable":true,"href":"https:\/\/luppa.pt\/pt-pt\/wp-json\/wp\/v2\/comments?post=82753"}],"version-history":[{"count":8,"href":"https:\/\/luppa.pt\/pt-pt\/wp-json\/wp\/v2\/pages\/82753\/revisions"}],"predecessor-version":[{"id":83382,"href":"https:\/\/luppa.pt\/pt-pt\/wp-json\/wp\/v2\/pages\/82753\/revisions\/83382"}],"wp:featuredmedia":[{"embeddable":true,"href":"https:\/\/luppa.pt\/pt-pt\/wp-json\/wp\/v2\/media\/81193"}],"wp:attachment":[{"href":"https:\/\/luppa.pt\/pt-pt\/wp-json\/wp\/v2\/media?parent=82753"}],"curies":[{"name":"wp","href":"https:\/\/api.w.org\/{rel}","templated":true}]}}